{"id":5049,"date":"2020-03-12T17:47:16","date_gmt":"2020-03-12T17:47:16","guid":{"rendered":"http:\/\/plaza.ca\/corporate-governance\/"},"modified":"2025-11-17T12:02:15","modified_gmt":"2025-11-17T12:02:15","slug":"gouvernance-dentreprise","status":"publish","type":"page","link":"https:\/\/plaza.ca\/fr\/gouvernance-dentreprise\/","title":{"rendered":"Gouvernance d\u2019entreprise"},"content":{"rendered":"<h2>Gouvernance d\u2019entreprise<\/h2>\n<h4>Le conseil d\u2019administration de Plaza, qui est compos\u00e9 majoritairement d\u2019administrateurs ind\u00e9pendants, est engag\u00e9 \u00e0 favoriser un environnement de bonne gouvernance.<\/h4>\n<p><span id=\"s2_1\">Pour plus d\u2019informations sur nos pratiques de gouvernance d\u2019entreprise,<\/span><br \/>\n<span id=\"s2_2\">veuillez consulter les documents de gouvernance d\u2019entreprise ci-dessous (en anglais seulement)<\/span>.<\/p>\n","protected":false},"excerpt":{"rendered":"<p>Gouvernance d\u2019entreprise Le conseil d\u2019administration de Plaza, qui est compos\u00e9 majoritairement d\u2019administrateurs ind\u00e9pendants, est engag\u00e9 \u00e0 favoriser un environnement de bonne gouvernance. Pour plus d\u2019informations sur nos pratiques de gouvernance d\u2019entreprise, veuillez consulter les documents\u2026<\/p>\n","protected":false},"author":5,"featured_media":5010,"parent":0,"menu_order":0,"comment_status":"closed","ping_status":"closed","template":"pge-corporate-governance.php","meta":{"_acf_changed":false,"inline_featured_image":false,"footnotes":""},"class_list":["post-5049","page","type-page","status-publish","has-post-thumbnail","hentry"],"acf":[],"_links":{"self":[{"href":"https:\/\/plaza.ca\/fr\/wp-json\/wp\/v2\/pages\/5049"}],"collection":[{"href":"https:\/\/plaza.ca\/fr\/wp-json\/wp\/v2\/pages"}],"about":[{"href":"https:\/\/plaza.ca\/fr\/wp-json\/wp\/v2\/types\/page"}],"author":[{"embeddable":true,"href":"https:\/\/plaza.ca\/fr\/wp-json\/wp\/v2\/users\/5"}],"replies":[{"embeddable":true,"href":"https:\/\/plaza.ca\/fr\/wp-json\/wp\/v2\/comments?post=5049"}],"version-history":[{"count":17,"href":"https:\/\/plaza.ca\/fr\/wp-json\/wp\/v2\/pages\/5049\/revisions"}],"predecessor-version":[{"id":33481,"href":"https:\/\/plaza.ca\/fr\/wp-json\/wp\/v2\/pages\/5049\/revisions\/33481"}],"wp:featuredmedia":[{"embeddable":true,"href":"https:\/\/plaza.ca\/fr\/wp-json\/wp\/v2\/media\/5010"}],"wp:attachment":[{"href":"https:\/\/plaza.ca\/fr\/wp-json\/wp\/v2\/media?parent=5049"}],"curies":[{"name":"wp","href":"https:\/\/api.w.org\/{rel}","templated":true}]}}