{"id":5046,"date":"2020-03-12T08:50:23","date_gmt":"2020-03-12T08:50:23","guid":{"rendered":"http:\/\/plaza.ca\/declaration-of-trust\/"},"modified":"2021-04-21T20:16:10","modified_gmt":"2021-04-21T20:16:10","slug":"declaration-de-fiducie","status":"publish","type":"page","link":"https:\/\/plaza.ca\/fr\/declaration-de-fiducie\/","title":{"rendered":"D\u00e9claration de fiducie"},"content":{"rendered":"<h2>D\u00e9claration de fiducie<\/h2>\n<h2><span id=\"s2_2\">(en anglais seulement)<\/span><\/h2>\n<p>La d\u00e9claration de fiducie de Plaza comprend certaines dispositions relatives au pr\u00e9avis (la \u00ab\u2009disposition relative au pr\u00e9avis\u2009\u00bb) destin\u00e9es \u00e0 : (i) faciliter la tenue ordonn\u00e9e et efficace des assembl\u00e9es g\u00e9n\u00e9rales annuelles ou, au besoin, des assembl\u00e9es extraordinaires, (ii) assurer que tous les porteurs et porteuses de parts re\u00e7oivent un pr\u00e9avis ad\u00e9quat des nominations de fiduciaires et des renseignements suffisants sur tous les candidats et candidates et (iii) permettre aux porteurs et porteuses de parts de voter de fa\u00e7on \u00e9clair\u00e9e.<\/p>\n<p><a class=\"btn\" href=\"http:\/\/plaza.ca\/wp-content\/uploads\/2020\/07\/Declaration-of-Trust.pdf\">T\u00e9l\u00e9charger<\/a><\/p>\n<h2>Premier amendement \u00e0 la d\u00e9claration de fiducie<\/h2>\n<h2>(en anglais seulement)<\/h2>\n<p><a class=\"btn\" href=\"http:\/\/plaza.ca\/wp-content\/uploads\/2020\/09\/First-Amendment-to-Declaration-of-Trust.pdf\">T\u00e9l\u00e9charger<\/a><\/p>\n","protected":false},"excerpt":{"rendered":"<p>D\u00e9claration de fiducie (en anglais seulement) La d\u00e9claration de fiducie de Plaza comprend certaines dispositions relatives au pr\u00e9avis (la \u00ab\u2009disposition relative au pr\u00e9avis\u2009\u00bb) destin\u00e9es \u00e0 : (i) faciliter la tenue ordonn\u00e9e et efficace des assembl\u00e9es\u2026<\/p>\n","protected":false},"author":5,"featured_media":5010,"parent":0,"menu_order":0,"comment_status":"closed","ping_status":"closed","template":"pge-blank.php","meta":{"_acf_changed":false,"inline_featured_image":false,"footnotes":""},"class_list":["post-5046","page","type-page","status-publish","has-post-thumbnail","hentry"],"acf":[],"_links":{"self":[{"href":"https:\/\/plaza.ca\/fr\/wp-json\/wp\/v2\/pages\/5046"}],"collection":[{"href":"https:\/\/plaza.ca\/fr\/wp-json\/wp\/v2\/pages"}],"about":[{"href":"https:\/\/plaza.ca\/fr\/wp-json\/wp\/v2\/types\/page"}],"author":[{"embeddable":true,"href":"https:\/\/plaza.ca\/fr\/wp-json\/wp\/v2\/users\/5"}],"replies":[{"embeddable":true,"href":"https:\/\/plaza.ca\/fr\/wp-json\/wp\/v2\/comments?post=5046"}],"version-history":[{"count":5,"href":"https:\/\/plaza.ca\/fr\/wp-json\/wp\/v2\/pages\/5046\/revisions"}],"predecessor-version":[{"id":8165,"href":"https:\/\/plaza.ca\/fr\/wp-json\/wp\/v2\/pages\/5046\/revisions\/8165"}],"wp:featuredmedia":[{"embeddable":true,"href":"https:\/\/plaza.ca\/fr\/wp-json\/wp\/v2\/media\/5010"}],"wp:attachment":[{"href":"https:\/\/plaza.ca\/fr\/wp-json\/wp\/v2\/media?parent=5046"}],"curies":[{"name":"wp","href":"https:\/\/api.w.org\/{rel}","templated":true}]}}