{"id":5038,"date":"2020-03-12T16:20:30","date_gmt":"2020-03-12T16:20:30","guid":{"rendered":"http:\/\/plaza.ca\/esg-statement\/"},"modified":"2026-03-26T19:35:17","modified_gmt":"2026-03-26T19:35:17","slug":"esg","status":"publish","type":"page","link":"https:\/\/plaza.ca\/fr\/esg\/","title":{"rendered":"ESG"},"content":{"rendered":"<div class=\"_title\">\n<p>\u00c9nonc\u00e9 ESG<\/p>\n<\/div>\n<p>Notre objectif est d\u2019assurer la prosp\u00e9rit\u00e9 de toutes nos parties prenantes, dont nos investisseurs, nos coll\u00e8gues, nos partenaires et les communaut\u00e9s que nous servons.<\/p>\n<p>Dans toutes les sph\u00e8res de nos activit\u00e9s, notre conduite sera donc en tous points respectueuse et responsable sur les plans environnemental, social et \u00e9thique. Nous ne voudrions pas qu\u2019il en soit autrement. C\u2019est notre mission depuis nos d\u00e9buts.<\/p>\n<p><a href=\"https:\/\/plaza.ca\/wp-content\/uploads\/2026\/03\/A9r51f5w_fdlvf6_kvk.pdf\"><img loading=\"lazy\" decoding=\"async\" class=\"alignnone size-full wp-image-33107\" src=\"https:\/\/plaza.ca\/wp-content\/uploads\/2025\/05\/Esg-2024-yellow-banner-fr.png\" alt=\"\" width=\"192\" height=\"96\" \/><\/a> (en anglais seulement)<\/p>\n<p><a href=\"http:\/\/plaza.ca\/wp-content\/uploads\/2024\/05\/Plaza-2023-ESG-Report.pdf\"><img loading=\"lazy\" decoding=\"async\" class=\"alignnone size-full wp-image-31926\" src=\"http:\/\/plaza.ca\/wp-content\/uploads\/2024\/05\/ESG-2023-Yello-tab-fr.jpg\" alt=\"\" width=\"192\" height=\"96\" \/><\/a> (en anglais seulement)<\/p>\n<p><a href=\"http:\/\/plaza.ca\/wp-content\/uploads\/2023\/05\/2022-Plaza-REIT-ESG-Report.pdf\"><img loading=\"lazy\" decoding=\"async\" class=\"alignnone wp-image-30647\" src=\"http:\/\/plaza.ca\/wp-content\/uploads\/2023\/05\/esg-button-fr-1.png\" alt=\"\" width=\"202\" height=\"101\" \/><\/a>(en anglais seulement)<\/p>\n","protected":false},"excerpt":{"rendered":"<p>\u00c9nonc\u00e9 ESG Notre objectif est d\u2019assurer la prosp\u00e9rit\u00e9 de toutes nos parties prenantes, dont nos investisseurs, nos coll\u00e8gues, nos partenaires et les communaut\u00e9s que nous servons. Dans toutes les sph\u00e8res de nos activit\u00e9s, notre conduite\u2026<\/p>\n","protected":false},"author":5,"featured_media":5039,"parent":0,"menu_order":0,"comment_status":"closed","ping_status":"closed","template":"pge-esg.php","meta":{"_acf_changed":false,"inline_featured_image":false,"footnotes":""},"class_list":["post-5038","page","type-page","status-publish","has-post-thumbnail","hentry"],"acf":[],"_links":{"self":[{"href":"https:\/\/plaza.ca\/fr\/wp-json\/wp\/v2\/pages\/5038"}],"collection":[{"href":"https:\/\/plaza.ca\/fr\/wp-json\/wp\/v2\/pages"}],"about":[{"href":"https:\/\/plaza.ca\/fr\/wp-json\/wp\/v2\/types\/page"}],"author":[{"embeddable":true,"href":"https:\/\/plaza.ca\/fr\/wp-json\/wp\/v2\/users\/5"}],"replies":[{"embeddable":true,"href":"https:\/\/plaza.ca\/fr\/wp-json\/wp\/v2\/comments?post=5038"}],"version-history":[{"count":18,"href":"https:\/\/plaza.ca\/fr\/wp-json\/wp\/v2\/pages\/5038\/revisions"}],"predecessor-version":[{"id":33752,"href":"https:\/\/plaza.ca\/fr\/wp-json\/wp\/v2\/pages\/5038\/revisions\/33752"}],"wp:featuredmedia":[{"embeddable":true,"href":"https:\/\/plaza.ca\/fr\/wp-json\/wp\/v2\/media\/5039"}],"wp:attachment":[{"href":"https:\/\/plaza.ca\/fr\/wp-json\/wp\/v2\/media?parent=5038"}],"curies":[{"name":"wp","href":"https:\/\/api.w.org\/{rel}","templated":true}]}}