{"id":5025,"date":"2020-03-12T13:41:32","date_gmt":"2020-03-12T13:41:32","guid":{"rendered":"http:\/\/plaza.ca\/financial-reports-presentations-and-other-filings\/"},"modified":"2026-03-27T19:15:21","modified_gmt":"2026-03-27T19:15:21","slug":"rapports-financiers-presentations-et-autres-documents","status":"publish","type":"page","link":"https:\/\/plaza.ca\/fr\/rapports-financiers-presentations-et-autres-documents\/","title":{"rendered":"Rapports financiers, pr\u00e9sentations <br\/> et autres documents"},"content":{"rendered":"<div class=\"_testimonial _adj2 mb-0\">\n<h3>Nous faisons ce que nous devons faire pour r\u00e9ussir. Parfois, cela signifie de construire \u00e0 partir de z\u00e9ro.<\/h3>\n<p>Michael Zakuta, pr\u00e9sident et chef de la direction et fiduciaire<\/p>\n<\/div>\n","protected":false},"excerpt":{"rendered":"<p>Nous faisons ce que nous devons faire pour r\u00e9ussir. Parfois, cela signifie de construire \u00e0 partir de z\u00e9ro. Michael Zakuta, pr\u00e9sident et chef de la direction et fiduciaire<\/p>\n","protected":false},"author":5,"featured_media":0,"parent":0,"menu_order":0,"comment_status":"closed","ping_status":"closed","template":"pge-financial-rep.php","meta":{"_acf_changed":false,"inline_featured_image":false,"footnotes":""},"class_list":["post-5025","page","type-page","status-publish","hentry"],"acf":[],"_links":{"self":[{"href":"https:\/\/plaza.ca\/fr\/wp-json\/wp\/v2\/pages\/5025"}],"collection":[{"href":"https:\/\/plaza.ca\/fr\/wp-json\/wp\/v2\/pages"}],"about":[{"href":"https:\/\/plaza.ca\/fr\/wp-json\/wp\/v2\/types\/page"}],"author":[{"embeddable":true,"href":"https:\/\/plaza.ca\/fr\/wp-json\/wp\/v2\/users\/5"}],"replies":[{"embeddable":true,"href":"https:\/\/plaza.ca\/fr\/wp-json\/wp\/v2\/comments?post=5025"}],"version-history":[{"count":49,"href":"https:\/\/plaza.ca\/fr\/wp-json\/wp\/v2\/pages\/5025\/revisions"}],"predecessor-version":[{"id":33767,"href":"https:\/\/plaza.ca\/fr\/wp-json\/wp\/v2\/pages\/5025\/revisions\/33767"}],"wp:attachment":[{"href":"https:\/\/plaza.ca\/fr\/wp-json\/wp\/v2\/media?parent=5025"}],"curies":[{"name":"wp","href":"https:\/\/api.w.org\/{rel}","templated":true}]}}