{"id":5022,"date":"2020-03-13T12:10:07","date_gmt":"2020-03-13T12:10:07","guid":{"rendered":"http:\/\/plaza.ca\/home\/"},"modified":"2026-04-09T16:43:24","modified_gmt":"2026-04-09T16:43:24","slug":"home","status":"publish","type":"page","link":"https:\/\/plaza.ca\/fr\/","title":{"rendered":"Page d&rsquo;accueil"},"content":{"rendered":"<div class=\"_title\">\n<p>\u00c0 propos<\/p>\n<h2>Nous sommes dans la vente au d\u00e9tail<\/h2>\n<\/div>\n<ul class=\"_list\">\n<li>Nouvelles propri\u00e9t\u00e9s<\/li>\n<li>Transformations et r\u00e9am\u00e9nagements<\/li>\n<li>Gestion active des propri\u00e9t\u00e9s<\/li>\n<li>R\u00e9investissement des capitaux et financement cr\u00e9atif<\/li>\n<\/ul>\n","protected":false},"excerpt":{"rendered":"<p>\u00c0 propos Nous sommes dans la vente au d\u00e9tail Nouvelles propri\u00e9t\u00e9s Transformations et r\u00e9am\u00e9nagements Gestion active des propri\u00e9t\u00e9s R\u00e9investissement des capitaux et financement cr\u00e9atif<\/p>\n","protected":false},"author":5,"featured_media":5023,"parent":0,"menu_order":0,"comment_status":"closed","ping_status":"closed","template":"pge-home.php","meta":{"_acf_changed":false,"inline_featured_image":false,"footnotes":""},"class_list":["post-5022","page","type-page","status-publish","has-post-thumbnail","hentry"],"acf":[],"_links":{"self":[{"href":"https:\/\/plaza.ca\/fr\/wp-json\/wp\/v2\/pages\/5022"}],"collection":[{"href":"https:\/\/plaza.ca\/fr\/wp-json\/wp\/v2\/pages"}],"about":[{"href":"https:\/\/plaza.ca\/fr\/wp-json\/wp\/v2\/types\/page"}],"author":[{"embeddable":true,"href":"https:\/\/plaza.ca\/fr\/wp-json\/wp\/v2\/users\/5"}],"replies":[{"embeddable":true,"href":"https:\/\/plaza.ca\/fr\/wp-json\/wp\/v2\/comments?post=5022"}],"version-history":[{"count":58,"href":"https:\/\/plaza.ca\/fr\/wp-json\/wp\/v2\/pages\/5022\/revisions"}],"predecessor-version":[{"id":33850,"href":"https:\/\/plaza.ca\/fr\/wp-json\/wp\/v2\/pages\/5022\/revisions\/33850"}],"wp:featuredmedia":[{"embeddable":true,"href":"https:\/\/plaza.ca\/fr\/wp-json\/wp\/v2\/media\/5023"}],"wp:attachment":[{"href":"https:\/\/plaza.ca\/fr\/wp-json\/wp\/v2\/media?parent=5022"}],"curies":[{"name":"wp","href":"https:\/\/api.w.org\/{rel}","templated":true}]}}