{"id":5019,"date":"2020-03-13T10:47:47","date_gmt":"2020-03-13T10:47:47","guid":{"rendered":"http:\/\/plaza.ca\/investor-relations\/"},"modified":"2026-03-05T14:13:26","modified_gmt":"2026-03-05T14:13:26","slug":"relations-avec-les-investisseurs","status":"publish","type":"page","link":"https:\/\/plaza.ca\/fr\/relations-avec-les-investisseurs\/","title":{"rendered":"Relations avec les investisseurs"},"content":{"rendered":"<div class=\"_title\">\n<p>Relations avec les investisseurs<\/p>\n<h2>Croissance et cr\u00e9ation de valeur<\/h2>\n<\/div>\n<p>Ceci est possible en raison du succ\u00e8s de notre mod\u00e8le d\u2019affaires ainsi que des capacit\u00e9s et de l\u2019expertise diversifi\u00e9es de nos employ\u00e9s auxquels s\u2019ajoute notre strat\u00e9gie de d\u00e9veloppement des affaires \u00e9prouv\u00e9e. Ensemble, ces \u00e9l\u00e9ments nous ont permis de g\u00e9n\u00e9rer une croissance forte et soutenue du flux de tr\u00e9sorerie disponible.<\/p>\n<p>Nous avons r\u00e9alis\u00e9 cette performance exceptionnelle en ciblant des opportunit\u00e9s en zones vertes et dans des friches industrielles \u00e0 valeur ajout\u00e9e qui sont souvent n\u00e9glig\u00e9es par nos concurrents. Par cons\u00e9quent, nous cr\u00e9ons des propri\u00e9t\u00e9s tr\u00e8s attirantes pour les d\u00e9taillants nationaux.<\/p>\n<p><a href=\"https:\/\/plaza.ca\/fr\/relations-avec-les-investisseurs\/\">Joindre notre Service de relations avec les investisseurs<\/a><\/p>\n","protected":false},"excerpt":{"rendered":"<p>Relations avec les investisseurs Croissance et cr\u00e9ation de valeur Ceci est possible en raison du succ\u00e8s de notre mod\u00e8le d\u2019affaires ainsi que des capacit\u00e9s et de l\u2019expertise diversifi\u00e9es de nos employ\u00e9s auxquels s\u2019ajoute notre strat\u00e9gie\u2026<\/p>\n","protected":false},"author":5,"featured_media":5020,"parent":0,"menu_order":0,"comment_status":"closed","ping_status":"closed","template":"pge-ir.php","meta":{"_acf_changed":false,"inline_featured_image":false,"footnotes":""},"class_list":["post-5019","page","type-page","status-publish","has-post-thumbnail","hentry"],"acf":[],"_links":{"self":[{"href":"https:\/\/plaza.ca\/fr\/wp-json\/wp\/v2\/pages\/5019"}],"collection":[{"href":"https:\/\/plaza.ca\/fr\/wp-json\/wp\/v2\/pages"}],"about":[{"href":"https:\/\/plaza.ca\/fr\/wp-json\/wp\/v2\/types\/page"}],"author":[{"embeddable":true,"href":"https:\/\/plaza.ca\/fr\/wp-json\/wp\/v2\/users\/5"}],"replies":[{"embeddable":true,"href":"https:\/\/plaza.ca\/fr\/wp-json\/wp\/v2\/comments?post=5019"}],"version-history":[{"count":23,"href":"https:\/\/plaza.ca\/fr\/wp-json\/wp\/v2\/pages\/5019\/revisions"}],"predecessor-version":[{"id":33726,"href":"https:\/\/plaza.ca\/fr\/wp-json\/wp\/v2\/pages\/5019\/revisions\/33726"}],"wp:featuredmedia":[{"embeddable":true,"href":"https:\/\/plaza.ca\/fr\/wp-json\/wp\/v2\/media\/5020"}],"wp:attachment":[{"href":"https:\/\/plaza.ca\/fr\/wp-json\/wp\/v2\/media?parent=5019"}],"curies":[{"name":"wp","href":"https:\/\/api.w.org\/{rel}","templated":true}]}}