{"id":5017,"date":"2020-10-01T16:20:41","date_gmt":"2020-10-01T16:20:41","guid":{"rendered":"http:\/\/plaza.ca\/advance-notice-provision\/"},"modified":"2021-04-26T18:23:49","modified_gmt":"2021-04-26T18:23:49","slug":"avis-prealables","status":"publish","type":"page","link":"https:\/\/plaza.ca\/fr\/relations-avec-les-investisseurs\/avis-prealables\/","title":{"rendered":"Avis pr\u00e9alables"},"content":{"rendered":"<p>La <a href=\"https:\/\/plaza.ca\/fr\/declaration-de-fiducie\/\">d\u00e9claration de fiducie<\/a> de Plaza comprend certaines dispositions relatives au pr\u00e9avis (la \u00ab\u2009disposition relative au pr\u00e9avis\u2009\u00bb) destin\u00e9es \u00e0\u00a0: (i) faciliter la tenue ordonn\u00e9e et efficace des assembl\u00e9es g\u00e9n\u00e9rales annuelles ou, au besoin, des assembl\u00e9es extraordinaires, (ii) assurer que tous les porteurs et porteuses de parts re\u00e7oivent un pr\u00e9avis ad\u00e9quat des nominations de fiduciaires et des renseignements suffisants sur tous les candidats et candidates et (iii) permettre aux porteurs et porteuses de parts de voter de fa\u00e7on \u00e9clair\u00e9e.<\/p>\n<p>Vous trouverez la disposition relative au pr\u00e9avis \u00e0 la section 8.4, <em>Nominations des fiduciaires<\/em>, de la <a href=\"https:\/\/plaza.ca\/fr\/declaration-de-fiducie\/\">D\u00e9claration de fiducie<\/a> (en anglais seulement).<\/p>\n","protected":false},"excerpt":{"rendered":"<p>La d\u00e9claration de fiducie de Plaza comprend certaines dispositions relatives au pr\u00e9avis (la \u00ab\u2009disposition relative au pr\u00e9avis\u2009\u00bb) destin\u00e9es \u00e0\u00a0: (i) faciliter la tenue ordonn\u00e9e et efficace des assembl\u00e9es g\u00e9n\u00e9rales annuelles ou, au besoin, des assembl\u00e9es\u2026<\/p>\n","protected":false},"author":5,"featured_media":0,"parent":5019,"menu_order":0,"comment_status":"closed","ping_status":"closed","template":"pge-banner.php","meta":{"_acf_changed":false,"inline_featured_image":false,"footnotes":""},"class_list":["post-5017","page","type-page","status-publish","hentry"],"acf":[],"_links":{"self":[{"href":"https:\/\/plaza.ca\/fr\/wp-json\/wp\/v2\/pages\/5017"}],"collection":[{"href":"https:\/\/plaza.ca\/fr\/wp-json\/wp\/v2\/pages"}],"about":[{"href":"https:\/\/plaza.ca\/fr\/wp-json\/wp\/v2\/types\/page"}],"author":[{"embeddable":true,"href":"https:\/\/plaza.ca\/fr\/wp-json\/wp\/v2\/users\/5"}],"replies":[{"embeddable":true,"href":"https:\/\/plaza.ca\/fr\/wp-json\/wp\/v2\/comments?post=5017"}],"version-history":[{"count":4,"href":"https:\/\/plaza.ca\/fr\/wp-json\/wp\/v2\/pages\/5017\/revisions"}],"predecessor-version":[{"id":8181,"href":"https:\/\/plaza.ca\/fr\/wp-json\/wp\/v2\/pages\/5017\/revisions\/8181"}],"up":[{"embeddable":true,"href":"https:\/\/plaza.ca\/fr\/wp-json\/wp\/v2\/pages\/5019"}],"wp:attachment":[{"href":"https:\/\/plaza.ca\/fr\/wp-json\/wp\/v2\/media?parent=5017"}],"curies":[{"name":"wp","href":"https:\/\/api.w.org\/{rel}","templated":true}]}}