{"id":5009,"date":"2020-03-13T12:31:42","date_gmt":"2020-03-13T12:31:42","guid":{"rendered":"http:\/\/plaza.ca\/properties-leasing\/"},"modified":"2026-02-23T17:10:46","modified_gmt":"2026-02-23T17:10:46","slug":"proprietes-et-location","status":"publish","type":"page","link":"https:\/\/plaza.ca\/fr\/proprietes-et-location\/","title":{"rendered":"Propri\u00e9t\u00e9s et location"},"content":{"rendered":"<h2 class=\"mb-30\">Nous offrons de la valeur et un acc\u00e8s commercial dans des march\u00e9s n\u00e9glig\u00e9s par d\u2019autres FPI.<\/h2>\n<div class=\"row\">\n<div class=\"col-lg-6\">\n<p>La puissance de notre mod\u00e8le d\u2019affaires, jumel\u00e9e \u00e0 notre exp\u00e9rience et \u00e0 notre ing\u00e9niosit\u00e9, nous permet de voir instinctivement ce que d\u2019autres ne voient pas. Nous pouvons donc consid\u00e9rer les opportunit\u00e9s sous un angle diff\u00e9rent. Simplement, nous transformons le potentiel en prosp\u00e9rit\u00e9 pour tous.<\/p>\n<p>&nbsp;<\/p>\n<\/div>\n<\/div>\n","protected":false},"excerpt":{"rendered":"<p>Nous offrons de la valeur et un acc\u00e8s commercial dans des march\u00e9s n\u00e9glig\u00e9s par d\u2019autres FPI. La puissance de notre mod\u00e8le d\u2019affaires, jumel\u00e9e \u00e0 notre exp\u00e9rience et \u00e0 notre ing\u00e9niosit\u00e9, nous permet de voir instinctivement\u2026<\/p>\n","protected":false},"author":5,"featured_media":5010,"parent":0,"menu_order":0,"comment_status":"closed","ping_status":"closed","template":"pge-properties.php","meta":{"_acf_changed":false,"inline_featured_image":false,"footnotes":""},"class_list":["post-5009","page","type-page","status-publish","has-post-thumbnail","hentry"],"acf":[],"_links":{"self":[{"href":"https:\/\/plaza.ca\/fr\/wp-json\/wp\/v2\/pages\/5009"}],"collection":[{"href":"https:\/\/plaza.ca\/fr\/wp-json\/wp\/v2\/pages"}],"about":[{"href":"https:\/\/plaza.ca\/fr\/wp-json\/wp\/v2\/types\/page"}],"author":[{"embeddable":true,"href":"https:\/\/plaza.ca\/fr\/wp-json\/wp\/v2\/users\/5"}],"replies":[{"embeddable":true,"href":"https:\/\/plaza.ca\/fr\/wp-json\/wp\/v2\/comments?post=5009"}],"version-history":[{"count":7,"href":"https:\/\/plaza.ca\/fr\/wp-json\/wp\/v2\/pages\/5009\/revisions"}],"predecessor-version":[{"id":33697,"href":"https:\/\/plaza.ca\/fr\/wp-json\/wp\/v2\/pages\/5009\/revisions\/33697"}],"wp:featuredmedia":[{"embeddable":true,"href":"https:\/\/plaza.ca\/fr\/wp-json\/wp\/v2\/media\/5010"}],"wp:attachment":[{"href":"https:\/\/plaza.ca\/fr\/wp-json\/wp\/v2\/media?parent=5009"}],"curies":[{"name":"wp","href":"https:\/\/api.w.org\/{rel}","templated":true}]}}