{"id":5007,"date":"2020-07-01T08:33:00","date_gmt":"2020-07-01T08:33:00","guid":{"rendered":"http:\/\/plaza.ca\/plaza-properties\/"},"modified":"2021-03-22T16:46:39","modified_gmt":"2021-03-22T16:46:39","slug":"portefeuille-immobilier","status":"publish","type":"page","link":"https:\/\/plaza.ca\/fr\/portefeuille-immobilier\/","title":{"rendered":"Portefeuille immobilier"},"content":{"rendered":"<p>Notre portefeuille se compose en grande partie de centres commerciaux lin\u00e9aires et de petits magasins de d\u00e9tail autonomes qui sont principalement occup\u00e9s par des locataires nationaux.<\/p>\n","protected":false},"excerpt":{"rendered":"<p>Notre portefeuille se compose en grande partie de centres commerciaux lin\u00e9aires et de petits magasins de d\u00e9tail autonomes qui sont principalement occup\u00e9s par des locataires nationaux.<\/p>\n","protected":false},"author":5,"featured_media":0,"parent":0,"menu_order":0,"comment_status":"closed","ping_status":"closed","template":"pge-palza-properties.php","meta":{"_acf_changed":false,"inline_featured_image":false,"footnotes":""},"class_list":["post-5007","page","type-page","status-publish","hentry"],"acf":[],"_links":{"self":[{"href":"https:\/\/plaza.ca\/fr\/wp-json\/wp\/v2\/pages\/5007"}],"collection":[{"href":"https:\/\/plaza.ca\/fr\/wp-json\/wp\/v2\/pages"}],"about":[{"href":"https:\/\/plaza.ca\/fr\/wp-json\/wp\/v2\/types\/page"}],"author":[{"embeddable":true,"href":"https:\/\/plaza.ca\/fr\/wp-json\/wp\/v2\/users\/5"}],"replies":[{"embeddable":true,"href":"https:\/\/plaza.ca\/fr\/wp-json\/wp\/v2\/comments?post=5007"}],"version-history":[{"count":5,"href":"https:\/\/plaza.ca\/fr\/wp-json\/wp\/v2\/pages\/5007\/revisions"}],"predecessor-version":[{"id":7000,"href":"https:\/\/plaza.ca\/fr\/wp-json\/wp\/v2\/pages\/5007\/revisions\/7000"}],"wp:attachment":[{"href":"https:\/\/plaza.ca\/fr\/wp-json\/wp\/v2\/media?parent=5007"}],"curies":[{"name":"wp","href":"https:\/\/api.w.org\/{rel}","templated":true}]}}